{"id":1057,"date":"2024-03-19T19:27:44","date_gmt":"2024-03-19T18:27:44","guid":{"rendered":"http:\/\/festicimes.fr\/?page_id=1057"},"modified":"2024-03-19T19:27:44","modified_gmt":"2024-03-19T18:27:44","slug":"concerts-4-mains","status":"publish","type":"page","link":"https:\/\/festicimes.fr\/index.php\/concerts-4-mains\/","title":{"rendered":"Concerts \u00e0 4 mains 04-08-2024"},"content":{"rendered":"<style>\/*! elementor - v3.11.2 - 22-02-2023 *\/\n.elementor-heading-title{padding:0;margin:0;line-height:1}.elementor-widget-heading .elementor-heading-title[class*=elementor-size-]>a{color:inherit;font-size:inherit;line-height:inherit}.elementor-widget-heading .elementor-heading-title.elementor-size-small{font-size:15px}.elementor-widget-heading .elementor-heading-title.elementor-size-medium{font-size:19px}.elementor-widget-heading .elementor-heading-title.elementor-size-large{font-size:29px}.elementor-widget-heading .elementor-heading-title.elementor-size-xl{font-size:39px}.elementor-widget-heading .elementor-heading-title.elementor-size-xxl{font-size:59px}<\/style>\n<h4>Concert de piano \u00e0 4 mains <\/h4>\n<h6>Mardi 13 ao\u00fbt 2024 \u00e0 20h30 \u00e0 l\u2019\u00e9glise Notre-Dame d\u2019Arreau<\/h6>\n<h4> <\/h4>\n<p><a href=\"http:\/\/festicimes.fr\/?page_id=991\"><strong>Cecile L\u00ca<\/strong><\/a><b style=\"color: var( --e-global-color-text ); font-family: var( --e-global-typography-text-font-family ), Sans-serif; font-size: var(--wp--preset--font-size--normal); background-color: var(--wp--preset--color--background);\">\u00a0&#8211; piano<\/b><\/p>\n<p><b style=\"color: var( --e-global-color-text ); font-family: var( --e-global-typography-text-font-family ), Sans-serif; font-size: var(--wp--preset--font-size--normal); background-color: var(--wp--preset--color--background);\"><a href=\"http:\/\/festicimes.fr\/?page_id=705\">Jean Philippe FONSALAS<\/a> &#8211; piano<\/b><\/p>\n<p><i><b>\u00a0<\/b><\/i>\u00a0Prix des places : 12 \u20ac<br \/>R\u00e9servation par mail<br \/>Billetterie en ligne \u00e0 partir du 1er juillet\u00a0\t\t<\/p>\n<style>\/*! elementor - v3.11.2 - 22-02-2023 *\/\n.elementor-widget-image{text-align:center}.elementor-widget-image a{display:inline-block}.elementor-widget-image a img[src$=\".svg\"]{width:48px}.elementor-widget-image img{vertical-align:middle;display:inline-block}<\/style>\n<p>\t\t\t\t\t\t\t\t\t\t\t\t<img decoding=\"async\" width=\"800\" height=\"520\" src=\"http:\/\/festicimes.fr\/wp-content\/uploads\/2024\/03\/4-mains.png\" alt=\"\" loading=\"lazy\" srcset=\"http:\/\/festicimes.fr\/wp-content\/uploads\/2024\/03\/4-mains.png 1450w, http:\/\/festicimes.fr\/wp-content\/uploads\/2024\/03\/4-mains-300x195.png 300w, http:\/\/festicimes.fr\/wp-content\/uploads\/2024\/03\/4-mains-1024x665.png 1024w, http:\/\/festicimes.fr\/wp-content\/uploads\/2024\/03\/4-mains-768x499.png 768w\" sizes=\"auto, (max-width: 800px) 100vw, 800px\" \/>\t\t\t\t\t\t\t\t\t\t\t\t\t\t\t<\/p>\n<p>Le piano \u00e0 quatre mains, une exp\u00e9rience musicale o\u00f9 la complicit\u00e9 entre les interpr\u00e8tes transcende les fronti\u00e8res de l\u2019instrument pour \u00e9voquer la richesse d\u2019un orchestre. Sur sc\u00e8ne, le piano se m\u00e9tamorphose en un ensemble symphonique, chaque pianiste offrant sa propre personnalit\u00e9 et sa sensibilit\u00e9 au service d\u2019une vision commune, rappelant les salons musicaux du XIXe si\u00e8cle o\u00f9 la musique \u00e9tait le c\u0153ur battant de la vie sociale.<\/p>\n<p>Chaque geste sur le clavier t\u00e9moigne d&rsquo;une connexion profonde entre les interpr\u00e8tes, chaque accord r\u00e9sonne avec une clart\u00e9 cristalline, captivant l&rsquo;audience et la transportant dans un voyage musical inoubliable. Rejoignez-nous pour une soir\u00e9e o\u00f9 la musique prend vie dans toute sa splendeur, o\u00f9 la<br \/>collaboration entre les pianistes r\u00e9v\u00e8le toute la grandeur et la beaut\u00e9 du piano \u00e0 quatre mains.<\/p>\n<p>Comment s&rsquo;y rendre :<\/p>\n<style>\/*! elementor - v3.11.2 - 22-02-2023 *\/\n.elementor-widget-google_maps .elementor-widget-container{overflow:hidden}.elementor-widget-google_maps .elementor-custom-embed{line-height:0}.elementor-widget-google_maps iframe{height:300px}<\/style>\n<p>\t\t\t<iframe loading=\"lazy\"\n\t\t\t\t\tsrc=\"https:\/\/maps.google.com\/maps?q=NOTRE%20DAME%20D%27ARREAU&#038;t=m&#038;z=17&#038;output=embed&#038;iwloc=near\"\n\t\t\t\t\ttitle=\"NOTRE DAME D&#039;ARREAU\"\n\t\t\t\t\taria-label=\"NOTRE DAME D&#039;ARREAU\"\n\t\t\t><\/iframe><\/p>\n","protected":false},"excerpt":{"rendered":"<p>Concert de piano \u00e0 4 mains Mardi 13 ao\u00fbt 2024 \u00e0 20h30 \u00e0 l\u2019\u00e9glise Notre-Dame d\u2019Arreau Cecile L\u00ca\u00a0&#8211; piano Jean Philippe FONSALAS &#8211; piano \u00a0\u00a0Prix des places : 12 \u20acR\u00e9servation par mailBilletterie en ligne \u00e0 partir du 1er juillet\u00a0 Le piano \u00e0 quatre mains, une exp\u00e9rience musicale o\u00f9 la complicit\u00e9 entre les interpr\u00e8tes transcende les [&hellip;]<\/p>\n","protected":false},"author":1,"featured_media":0,"parent":0,"menu_order":0,"comment_status":"closed","ping_status":"closed","template":"","meta":{"footnotes":""},"class_list":["post-1057","page","type-page","status-publish","hentry"],"_links":{"self":[{"href":"https:\/\/festicimes.fr\/index.php\/wp-json\/wp\/v2\/pages\/1057","targetHints":{"allow":["GET"]}}],"collection":[{"href":"https:\/\/festicimes.fr\/index.php\/wp-json\/wp\/v2\/pages"}],"about":[{"href":"https:\/\/festicimes.fr\/index.php\/wp-json\/wp\/v2\/types\/page"}],"author":[{"embeddable":true,"href":"https:\/\/festicimes.fr\/index.php\/wp-json\/wp\/v2\/users\/1"}],"replies":[{"embeddable":true,"href":"https:\/\/festicimes.fr\/index.php\/wp-json\/wp\/v2\/comments?post=1057"}],"version-history":[{"count":0,"href":"https:\/\/festicimes.fr\/index.php\/wp-json\/wp\/v2\/pages\/1057\/revisions"}],"wp:attachment":[{"href":"https:\/\/festicimes.fr\/index.php\/wp-json\/wp\/v2\/media?parent=1057"}],"curies":[{"name":"wp","href":"https:\/\/api.w.org\/{rel}","templated":true}]}}