{"id":1082,"date":"2024-03-19T19:47:19","date_gmt":"2024-03-19T18:47:19","guid":{"rendered":"http:\/\/festicimes.fr\/?page_id=1082"},"modified":"2024-03-19T19:47:19","modified_gmt":"2024-03-19T18:47:19","slug":"carnaval-des-animaux","status":"publish","type":"page","link":"https:\/\/festicimes.fr\/index.php\/carnaval-des-animaux\/","title":{"rendered":"Carnaval des animaux 16-08-2024"},"content":{"rendered":"<style>\/*! elementor - v3.11.2 - 22-02-2023 *\/\n.elementor-heading-title{padding:0;margin:0;line-height:1}.elementor-widget-heading .elementor-heading-title[class*=elementor-size-]>a{color:inherit;font-size:inherit;line-height:inherit}.elementor-widget-heading .elementor-heading-title.elementor-size-small{font-size:15px}.elementor-widget-heading .elementor-heading-title.elementor-size-medium{font-size:19px}.elementor-widget-heading .elementor-heading-title.elementor-size-large{font-size:29px}.elementor-widget-heading .elementor-heading-title.elementor-size-xl{font-size:39px}.elementor-widget-heading .elementor-heading-title.elementor-size-xxl{font-size:59px}<\/style>\n<h4>Concert-spectacle <\/h4>\n<h6>Vendredi 17 ao\u00fbt 2024 \u00e0 18h et 21h sous les Halles-Mairie d\u2019Arreau<\/h6>\n<h4>Le Carnaval des animaux<\/h4>\n<p><a style=\"text-underline-offset: 0.25ch;\" href=\"http:\/\/festicimes.fr\/?page_id=991\"><strong>Cecile L\u00ca<\/strong><\/a>\u00a0&#8211; piano<\/p>\n<p><a style=\"text-underline-offset: 0.25ch;\" href=\"http:\/\/festicimes.fr\/?page_id=705\">Jean Philippe FONSALAS<\/a>\u00a0&#8211; piano<\/p>\n<p>Carnaval des animaux\u00a0<\/p>\n<p>\u00a0Camille Saint-Sa\u00ebns<\/p>\n<p><i><b>\u00a0<\/b><\/i>\u00a0Prix des places : 12 \u20acTarif r\u00e9duit : 8 \u20ac (adh\u00e9rent, enfant, \u00e9tudiant, demandeur d&#8217;emploi)\t\t<\/p>\n<style>\/*! elementor - v3.11.2 - 22-02-2023 *\/\n.elementor-widget-image{text-align:center}.elementor-widget-image a{display:inline-block}.elementor-widget-image a img[src$=\".svg\"]{width:48px}.elementor-widget-image img{vertical-align:middle;display:inline-block}<\/style>\n<p>\t\t\t\t\t\t\t\t\t\t\t\t<img decoding=\"async\" width=\"800\" height=\"457\" src=\"http:\/\/festicimes.fr\/wp-content\/uploads\/2024\/03\/Carnaval-inimaux.png\" alt=\"\" loading=\"lazy\" srcset=\"http:\/\/festicimes.fr\/wp-content\/uploads\/2024\/03\/Carnaval-inimaux.png 1652w, http:\/\/festicimes.fr\/wp-content\/uploads\/2024\/03\/Carnaval-inimaux-300x171.png 300w, http:\/\/festicimes.fr\/wp-content\/uploads\/2024\/03\/Carnaval-inimaux-1024x585.png 1024w, http:\/\/festicimes.fr\/wp-content\/uploads\/2024\/03\/Carnaval-inimaux-768x439.png 768w, http:\/\/festicimes.fr\/wp-content\/uploads\/2024\/03\/Carnaval-inimaux-1536x878.png 1536w\" sizes=\"auto, (max-width: 800px) 100vw, 800px\" \/>\t\t\t\t\t\t\t\t\t\t\t\t\t\t\t<\/p>\n<p>Une soir\u00e9e autour du \u00ab\u00a0Carnaval des Animaux\u00a0\u00bb de Camille Saint-Sa\u00ebns, o\u00f9 la musique rencontre la biodiversit\u00e9 \u00e9blouissante de la faune et la flore. Dans cette \u0153uvre embl\u00e9matique, chaque mouvement \u00e9voque une cr\u00e9ature unique de notre monde naturel, c\u00e9l\u00e9brant la richesse et la diversit\u00e9 de la vie sur<br \/>Terre.<\/p>\n<p>Au son des notes envo\u00fbtantes, les lions rugissent majestueusement, les kangourous bondissent avec gr\u00e2ce et les tortues avancent lentement, tandis que les poissons dansent dans les eaux cristallines des rivi\u00e8res et des oc\u00e9ans. Les oiseaux exotiques d\u00e9ploient leurs ailes color\u00e9es et les cygnes glissent<br \/>gracieusement sur les lacs tranquilles, cr\u00e9ant un tableau vivant de la beaut\u00e9 naturelle qui nous entoure.<\/p>\n<p>Comment s&rsquo;y rendre :<\/p>\n<style>\/*! elementor - v3.11.2 - 22-02-2023 *\/\n.elementor-widget-google_maps .elementor-widget-container{overflow:hidden}.elementor-widget-google_maps .elementor-custom-embed{line-height:0}.elementor-widget-google_maps iframe{height:300px}<\/style>\n<p>\t\t\t<iframe loading=\"lazy\"\n\t\t\t\t\tsrc=\"https:\/\/maps.google.com\/maps?q=%20mairie%20d%27%20Arreau&#038;t=m&#038;z=17&#038;output=embed&#038;iwloc=near\"\n\t\t\t\t\ttitle=\" mairie d&#039; Arreau\"\n\t\t\t\t\taria-label=\" mairie d&#039; Arreau\"\n\t\t\t><\/iframe><\/p>\n","protected":false},"excerpt":{"rendered":"<p>Concert-spectacle Vendredi 17 ao\u00fbt 2024 \u00e0 18h et 21h sous les Halles-Mairie d\u2019Arreau Le Carnaval des animaux Cecile L\u00ca\u00a0&#8211; piano Jean Philippe FONSALAS\u00a0&#8211; piano Carnaval des animaux\u00a0 \u00a0Camille Saint-Sa\u00ebns \u00a0\u00a0Prix des places : 12 \u20acTarif r\u00e9duit : 8 \u20ac (adh\u00e9rent, enfant, \u00e9tudiant, demandeur d&#8217;emploi) Une soir\u00e9e autour du \u00ab\u00a0Carnaval des Animaux\u00a0\u00bb de Camille Saint-Sa\u00ebns, o\u00f9 [&hellip;]<\/p>\n","protected":false},"author":1,"featured_media":0,"parent":0,"menu_order":0,"comment_status":"closed","ping_status":"closed","template":"","meta":{"footnotes":""},"class_list":["post-1082","page","type-page","status-publish","hentry"],"_links":{"self":[{"href":"https:\/\/festicimes.fr\/index.php\/wp-json\/wp\/v2\/pages\/1082","targetHints":{"allow":["GET"]}}],"collection":[{"href":"https:\/\/festicimes.fr\/index.php\/wp-json\/wp\/v2\/pages"}],"about":[{"href":"https:\/\/festicimes.fr\/index.php\/wp-json\/wp\/v2\/types\/page"}],"author":[{"embeddable":true,"href":"https:\/\/festicimes.fr\/index.php\/wp-json\/wp\/v2\/users\/1"}],"replies":[{"embeddable":true,"href":"https:\/\/festicimes.fr\/index.php\/wp-json\/wp\/v2\/comments?post=1082"}],"version-history":[{"count":0,"href":"https:\/\/festicimes.fr\/index.php\/wp-json\/wp\/v2\/pages\/1082\/revisions"}],"wp:attachment":[{"href":"https:\/\/festicimes.fr\/index.php\/wp-json\/wp\/v2\/media?parent=1082"}],"curies":[{"name":"wp","href":"https:\/\/api.w.org\/{rel}","templated":true}]}}