{"id":1560,"date":"2025-07-06T20:55:22","date_gmt":"2025-07-06T20:55:22","guid":{"rendered":"https:\/\/festicimes.fr\/?page_id=1560"},"modified":"2025-07-21T20:43:51","modified_gmt":"2025-07-21T20:43:51","slug":"le-programme-2025","status":"publish","type":"page","link":"https:\/\/festicimes.fr\/index.php\/le-programme-2025\/","title":{"rendered":"Le programme 2025"},"content":{"rendered":"\n<div style=\"height:41px\" aria-hidden=\"true\" class=\"wp-block-spacer\"><\/div>\n\n\n\n<div class=\"wp-block-group is-style-default is-nowrap is-layout-flex wp-container-core-group-is-layout-6c531013 wp-block-group-is-layout-flex\">\n<div style=\"height:100px;width:30px\" aria-hidden=\"true\" class=\"wp-block-spacer wp-container-content-cf2db169\"><\/div>\n\n\n\n<p><strong>Mercredi 30 juillet 2025<\/strong><br>Salle le Terminus<br>Spectacle Jeune Publique   <br>Entr\u00e9e Libre <\/p>\n\n\n\n<figure class=\"wp-block-image size-full is-resized\"><img loading=\"lazy\" decoding=\"async\" width=\"1167\" height=\"889\" src=\"https:\/\/festicimes.fr\/wp-content\/uploads\/2025\/07\/Mon_Jardin.png\" alt=\"\" class=\"wp-image-1566\" style=\"width:364px;height:auto\" srcset=\"https:\/\/festicimes.fr\/wp-content\/uploads\/2025\/07\/Mon_Jardin.png 1167w, https:\/\/festicimes.fr\/wp-content\/uploads\/2025\/07\/Mon_Jardin-300x229.png 300w, https:\/\/festicimes.fr\/wp-content\/uploads\/2025\/07\/Mon_Jardin-1024x780.png 1024w, https:\/\/festicimes.fr\/wp-content\/uploads\/2025\/07\/Mon_Jardin-768x585.png 768w\" sizes=\"auto, (max-width: 1167px) 100vw, 1167px\" \/><\/figure>\n\n\n\n<div class=\"wp-block-buttons is-content-justification-space-between is-layout-flex wp-container-core-buttons-is-layout-2eb6dc02 wp-block-buttons-is-layout-flex\"><\/div>\n\n\n\n<p><strong>Entr\u00e9e Libre<\/strong><\/p>\n<\/div>\n\n\n\n<div style=\"height:54px\" aria-hidden=\"true\" class=\"wp-block-spacer\"><\/div>\n\n\n\n<div class=\"wp-block-group is-style-section-1 is-nowrap is-layout-flex wp-container-core-group-is-layout-6c531013 wp-block-group-is-layout-flex is-style-section-1--1\">\n<div style=\"height:100px;width:29px\" aria-hidden=\"true\" class=\"wp-block-spacer wp-container-content-7eea9941\"><\/div>\n\n\n\n<p><strong>Jeudi 31 ao\u00fbt 2025 20h30<\/strong>     <br>Salle le terminus<br>Cin\u00e9 Concert<\/p>\n\n\n\n<figure class=\"wp-block-image size-full is-resized\"><img loading=\"lazy\" decoding=\"async\" width=\"882\" height=\"615\" src=\"https:\/\/festicimes.fr\/wp-content\/uploads\/2025\/07\/CineConcert25.png\" alt=\"\" class=\"wp-image-1561\" style=\"width:369px;height:auto\" srcset=\"https:\/\/festicimes.fr\/wp-content\/uploads\/2025\/07\/CineConcert25.png 882w, https:\/\/festicimes.fr\/wp-content\/uploads\/2025\/07\/CineConcert25-300x209.png 300w, https:\/\/festicimes.fr\/wp-content\/uploads\/2025\/07\/CineConcert25-768x536.png 768w\" sizes=\"auto, (max-width: 882px) 100vw, 882px\" \/><\/figure>\n\n\n\n<div class=\"wp-block-buttons is-layout-flex wp-block-buttons-is-layout-flex\">\n<div class=\"wp-block-button\" id=\"haWidget\"><a class=\"wp-block-button__link wp-element-button\" href=\"https:\/\/www.helloasso.com\/associations\/festicimes\/evenements\/cine-concert-31-07-2025-le-terminus-arreau\">BILLETERIE<\/a><\/div>\n<\/div>\n<\/div>\n\n\n\n<div style=\"height:54px\" aria-hidden=\"true\" class=\"wp-block-spacer\"><\/div>\n\n\n\n<div class=\"wp-block-group is-style-section-1 is-nowrap is-layout-flex wp-container-core-group-is-layout-6c531013 wp-block-group-is-layout-flex is-style-section-1--2\">\n<div style=\"height:100px;width:30px\" aria-hidden=\"true\" class=\"wp-block-spacer wp-container-content-cf2db169\"><\/div>\n\n\n\n<p><strong>Mercredi 6 ao\u00fbt 20h30<\/strong><br>Notre Dame D&rsquo;Arreau<br>Concert violoncelle et piano<\/p>\n\n\n\n<figure class=\"wp-block-image size-full is-resized\"><img loading=\"lazy\" decoding=\"async\" width=\"749\" height=\"790\" src=\"https:\/\/festicimes.fr\/wp-content\/uploads\/2025\/07\/Caroline_S-1.png\" alt=\"\" class=\"wp-image-1565\" style=\"width:324px;height:auto\" srcset=\"https:\/\/festicimes.fr\/wp-content\/uploads\/2025\/07\/Caroline_S-1.png 749w, https:\/\/festicimes.fr\/wp-content\/uploads\/2025\/07\/Caroline_S-1-284x300.png 284w\" sizes=\"auto, (max-width: 749px) 100vw, 749px\" \/><\/figure>\n\n\n\n<div class=\"wp-block-buttons is-layout-flex wp-block-buttons-is-layout-flex\">\n<div class=\"wp-block-button\"><a class=\"wp-block-button__link wp-element-button\" href=\"https:\/\/www.helloasso.com\/associations\/festicimes\/evenements\/violoncelle-piano-06-08-2025-eglise-notre-dame-d-arreau\">Billeterie<\/a><\/div>\n<\/div>\n<\/div>\n\n\n\n<div style=\"height:54px\" aria-hidden=\"true\" class=\"wp-block-spacer\"><\/div>\n\n\n\n<div class=\"wp-block-group is-style-section-1 is-nowrap is-layout-flex wp-container-core-group-is-layout-6c531013 wp-block-group-is-layout-flex is-style-section-1--3\">\n<div style=\"height:100px;width:30px\" aria-hidden=\"true\" class=\"wp-block-spacer wp-container-content-cf2db169\"><\/div>\n\n\n\n<p><strong>Vendredi 8 ao\u00fbt 18h et 21h<\/strong><br>Halle Mairie<br>Piano \u00e0 4 mains<br>C\u00e9cile L\u00e9 &amp; <br>Jean-Philippe Fonsalas<\/p>\n\n\n\n<figure class=\"wp-block-image size-full is-resized\"><img loading=\"lazy\" decoding=\"async\" width=\"1037\" height=\"608\" src=\"https:\/\/festicimes.fr\/wp-content\/uploads\/2025\/07\/Casse_N.png\" alt=\"\" class=\"wp-image-1567\" style=\"width:380px;height:auto\" srcset=\"https:\/\/festicimes.fr\/wp-content\/uploads\/2025\/07\/Casse_N.png 1037w, https:\/\/festicimes.fr\/wp-content\/uploads\/2025\/07\/Casse_N-300x176.png 300w, https:\/\/festicimes.fr\/wp-content\/uploads\/2025\/07\/Casse_N-1024x600.png 1024w, https:\/\/festicimes.fr\/wp-content\/uploads\/2025\/07\/Casse_N-768x450.png 768w\" sizes=\"auto, (max-width: 1037px) 100vw, 1037px\" \/><\/figure>\n\n\n\n<div class=\"wp-block-buttons is-layout-flex wp-block-buttons-is-layout-flex\"><\/div>\n\n\n\n<p><strong>Entr\u00e9e Libre<\/strong><\/p>\n<\/div>\n\n\n\n<div style=\"height:54px\" aria-hidden=\"true\" class=\"wp-block-spacer\"><\/div>\n\n\n\n<div class=\"wp-block-group is-style-section-1 is-nowrap is-layout-flex wp-container-core-group-is-layout-6c531013 wp-block-group-is-layout-flex is-style-section-1--4\">\n<div style=\"height:100px;width:30px\" aria-hidden=\"true\" class=\"wp-block-spacer wp-container-content-cf2db169\"><\/div>\n\n\n\n<p><strong>Dimanche 10 ao\u00fbt 20h30<\/strong><br>Eglise Notre Dame d&rsquo;Arreau<br>Piano \u00e0 4 mains<br>C\u00e9cile L\u00e9 &amp; <br>Jean-Philippe Fonsalas<\/p>\n\n\n\n<figure class=\"wp-block-image size-full is-resized\"><img loading=\"lazy\" decoding=\"async\" width=\"604\" height=\"868\" src=\"https:\/\/festicimes.fr\/wp-content\/uploads\/2025\/07\/Expo.png\" alt=\"\" class=\"wp-image-1574\" style=\"width:326px;height:auto\" srcset=\"https:\/\/festicimes.fr\/wp-content\/uploads\/2025\/07\/Expo.png 604w, https:\/\/festicimes.fr\/wp-content\/uploads\/2025\/07\/Expo-209x300.png 209w\" sizes=\"auto, (max-width: 604px) 100vw, 604px\" \/><\/figure>\n\n\n\n<div class=\"wp-block-buttons is-layout-flex wp-block-buttons-is-layout-flex\">\n<div class=\"wp-block-button\"><a class=\"wp-block-button__link wp-element-button\" href=\"https:\/\/www.helloasso.com\/associations\/festicimes\/evenements\/4-mains-10-08-2025-eglise-nd-d-arreau\">BILLETERIE<\/a><\/div>\n<\/div>\n<\/div>\n\n\n\n<p><\/p>\n\n\n\n<p><\/p>\n","protected":false},"excerpt":{"rendered":"<p>Mercredi 30 juillet 2025Salle le TerminusSpectacle Jeune Publique Entr\u00e9e Libre Entr\u00e9e Libre Jeudi 31 ao\u00fbt 2025 20h30 Salle le terminusCin\u00e9 Concert Mercredi 6 ao\u00fbt 20h30Notre Dame D&rsquo;ArreauConcert violoncelle et piano Vendredi 8 ao\u00fbt 18h et 21hHalle MairiePiano \u00e0 4 mainsC\u00e9cile L\u00e9 &amp; Jean-Philippe Fonsalas Entr\u00e9e Libre Dimanche 10 ao\u00fbt 20h30Eglise Notre Dame d&rsquo;ArreauPiano \u00e0 4 [&hellip;]<\/p>\n","protected":false},"author":1,"featured_media":0,"parent":0,"menu_order":0,"comment_status":"closed","ping_status":"closed","template":"","meta":{"footnotes":""},"class_list":["post-1560","page","type-page","status-publish","hentry"],"_links":{"self":[{"href":"https:\/\/festicimes.fr\/index.php\/wp-json\/wp\/v2\/pages\/1560","targetHints":{"allow":["GET"]}}],"collection":[{"href":"https:\/\/festicimes.fr\/index.php\/wp-json\/wp\/v2\/pages"}],"about":[{"href":"https:\/\/festicimes.fr\/index.php\/wp-json\/wp\/v2\/types\/page"}],"author":[{"embeddable":true,"href":"https:\/\/festicimes.fr\/index.php\/wp-json\/wp\/v2\/users\/1"}],"replies":[{"embeddable":true,"href":"https:\/\/festicimes.fr\/index.php\/wp-json\/wp\/v2\/comments?post=1560"}],"version-history":[{"count":11,"href":"https:\/\/festicimes.fr\/index.php\/wp-json\/wp\/v2\/pages\/1560\/revisions"}],"predecessor-version":[{"id":1602,"href":"https:\/\/festicimes.fr\/index.php\/wp-json\/wp\/v2\/pages\/1560\/revisions\/1602"}],"wp:attachment":[{"href":"https:\/\/festicimes.fr\/index.php\/wp-json\/wp\/v2\/media?parent=1560"}],"curies":[{"name":"wp","href":"https:\/\/api.w.org\/{rel}","templated":true}]}}