{"id":270,"date":"2023-03-10T17:01:33","date_gmt":"2023-03-10T16:01:33","guid":{"rendered":"http:\/\/festicimes.fr\/?page_id=270"},"modified":"2023-03-10T17:01:33","modified_gmt":"2023-03-10T16:01:33","slug":"concert-douverturele-5-aout-202320h30","status":"publish","type":"page","link":"https:\/\/festicimes.fr\/index.php\/concert-douverturele-5-aout-202320h30\/","title":{"rendered":"Concert d&rsquo;ouverture le 4 aout 2024 21H30"},"content":{"rendered":"<style>\/*! elementor - v3.11.2 - 22-02-2023 *\/\n.elementor-heading-title{padding:0;margin:0;line-height:1}.elementor-widget-heading .elementor-heading-title[class*=elementor-size-]>a{color:inherit;font-size:inherit;line-height:inherit}.elementor-widget-heading .elementor-heading-title.elementor-size-small{font-size:15px}.elementor-widget-heading .elementor-heading-title.elementor-size-medium{font-size:19px}.elementor-widget-heading .elementor-heading-title.elementor-size-large{font-size:29px}.elementor-widget-heading .elementor-heading-title.elementor-size-xl{font-size:39px}.elementor-widget-heading .elementor-heading-title.elementor-size-xxl{font-size:59px}<\/style>\n<h6><font style=\"vertical-align: inherit;\"><font style=\"vertical-align: inherit;\">DIMANCHE 4 ao\u00fbt \u00e0 21H30 aux jardins perch\u00e9s d&rsquo;arreau<\/font><\/font><\/h6>\n<h4><font style=\"vertical-align: inherit;\"><\/font><font style=\"vertical-align: inherit;\"><font style=\"vertical-align: inherit;\"><font style=\"vertical-align: inherit;\"><font style=\"vertical-align: inherit;\"><font style=\"vertical-align: inherit;\"><font style=\"vertical-align: inherit;\">Concert violoncelle et <\/font><\/font><\/font><\/font><\/font><\/font><font style=\"vertical-align: inherit;\"><font style=\"vertical-align: inherit;\">piano<\/font><\/font><\/h4>\n<p><a href=\"http:\/\/festicimes.fr\/?page_id=983\">Adrien BELLOM<\/a> &#8211; violoncelle<\/p>\n<p><a href=\"http:\/\/festicimes.fr\/?page_id=442\">Marie DEWAS<\/a> &nbsp;&#8211; piano<\/p>\n<p>Au programme :<\/p>\n<ul>\n<li>S\u00e9r\u00e9nade de la suite pour violoncelle et piano opus 16 de Camille Saint-Sa\u00ebns<\/li>\n<li>Nocturne opus 19 pour violoncelle et piano de Piotr Ilitch Tcha\u00efkovski<\/li>\n<li>&nbsp;Romance en La Majeur opus 69 pour violoncelle et piano de Gabriel Faur\u00e9<\/li>\n<li>&nbsp;Clair de Lune de Debussy<\/li>\n<\/ul>\n<p>&nbsp;<br \/>\nPrix des places : 12 \u20ac\t\t<\/p>\n<style>\/*! elementor - v3.11.2 - 22-02-2023 *\/\n.elementor-widget-image{text-align:center}.elementor-widget-image a{display:inline-block}.elementor-widget-image a img[src$=\".svg\"]{width:48px}.elementor-widget-image img{vertical-align:middle;display:inline-block}<\/style>\n<p>\t\t\t\t\t\t\t\t\t\t\t\t\t<a href=\"https:\/\/www.lesvirtuosesducoeur.com\/marie-sevagen\/\"><br \/>\n\t\t\t\t\t\t\t<img decoding=\"async\" width=\"768\" height=\"605\" src=\"http:\/\/festicimes.fr\/wp-content\/uploads\/2024\/03\/Nuit-etoilee-de-Van-Gogh-768x605.png\" alt=\"\" loading=\"lazy\" srcset=\"http:\/\/festicimes.fr\/wp-content\/uploads\/2024\/03\/Nuit-etoilee-de-Van-Gogh-768x605.png 768w, http:\/\/festicimes.fr\/wp-content\/uploads\/2024\/03\/Nuit-etoilee-de-Van-Gogh-300x236.png 300w, http:\/\/festicimes.fr\/wp-content\/uploads\/2024\/03\/Nuit-etoilee-de-Van-Gogh.png 872w\" sizes=\"auto, (max-width: 768px) 100vw, 768px\" \/>\t\t\t\t\t\t\t\t<\/a><\/p>\n<p>Plongez dans le myst\u00e8re envo\u00fbtant de la nuit, o\u00f9 les \u00e9toiles brillent comme autant de sources d&rsquo;inspiration pour les compositeurs de g\u00e9nie.<\/p>\n<p>Dans ce concert magique, laissez-vous bercer par les m\u00e9lodies envo\u00fbtantes, tour \u00e0 tour s\u00e9r\u00e9nades enchanteresses, nocturnes envo\u00fbtants et berceuses r\u00e9confortantes.<\/p>\n<p>Comme le murmure doux des constellations dans l&rsquo;obscurit\u00e9, chaque note r\u00e9sonne avec une po\u00e9sie intemporelle, r\u00e9v\u00e9lant les secrets les plus profonds de l&rsquo;\u00e2me humaine.<\/p>\n<p>Rejoignez-nous pour une soir\u00e9e o\u00f9 la musique devient le miroir de l&rsquo;univers, capturant la magie myst\u00e9rieuse de la nuit et nous transportant dans un voyage au-del\u00e0 des limites du temps et de l&rsquo;espace.<\/p>\n<p>Comment s&rsquo;y rendre :<\/p>\n<style>\/*! elementor - v3.11.2 - 22-02-2023 *\/\n.elementor-widget-google_maps .elementor-widget-container{overflow:hidden}.elementor-widget-google_maps .elementor-custom-embed{line-height:0}.elementor-widget-google_maps iframe{height:300px}<\/style>\n<p>\t\t\t<iframe loading=\"lazy\"\n\t\t\t\t\tsrc=\"https:\/\/maps.google.com\/maps?q=Chapelle%20Saint%20Exupere%20Arreau&#038;t=m&#038;z=17&#038;output=embed&#038;iwloc=near\"\n\t\t\t\t\ttitle=\"Chapelle Saint Exupere Arreau\"\n\t\t\t\t\taria-label=\"Chapelle Saint Exupere Arreau\"\n\t\t\t><\/iframe><\/p>\n","protected":false},"excerpt":{"rendered":"<p>DIMANCHE 4 ao\u00fbt \u00e0 21H30 aux jardins perch\u00e9s d&rsquo;arreau Concert violoncelle et piano Adrien BELLOM &#8211; violoncelle Marie DEWAS &nbsp;&#8211; piano Au programme : S\u00e9r\u00e9nade de la suite pour violoncelle et piano opus 16 de Camille Saint-Sa\u00ebns Nocturne opus 19 pour violoncelle et piano de Piotr Ilitch Tcha\u00efkovski &nbsp;Romance en La Majeur opus 69 pour [&hellip;]<\/p>\n","protected":false},"author":1,"featured_media":0,"parent":0,"menu_order":0,"comment_status":"closed","ping_status":"closed","template":"","meta":{"footnotes":""},"class_list":["post-270","page","type-page","status-publish","hentry"],"_links":{"self":[{"href":"https:\/\/festicimes.fr\/index.php\/wp-json\/wp\/v2\/pages\/270","targetHints":{"allow":["GET"]}}],"collection":[{"href":"https:\/\/festicimes.fr\/index.php\/wp-json\/wp\/v2\/pages"}],"about":[{"href":"https:\/\/festicimes.fr\/index.php\/wp-json\/wp\/v2\/types\/page"}],"author":[{"embeddable":true,"href":"https:\/\/festicimes.fr\/index.php\/wp-json\/wp\/v2\/users\/1"}],"replies":[{"embeddable":true,"href":"https:\/\/festicimes.fr\/index.php\/wp-json\/wp\/v2\/comments?post=270"}],"version-history":[{"count":0,"href":"https:\/\/festicimes.fr\/index.php\/wp-json\/wp\/v2\/pages\/270\/revisions"}],"wp:attachment":[{"href":"https:\/\/festicimes.fr\/index.php\/wp-json\/wp\/v2\/media?parent=270"}],"curies":[{"name":"wp","href":"https:\/\/api.w.org\/{rel}","templated":true}]}}