{"id":442,"date":"2023-03-14T18:34:46","date_gmt":"2023-03-14T17:34:46","guid":{"rendered":"http:\/\/festicimes.fr\/?page_id=442"},"modified":"2023-03-14T18:34:46","modified_gmt":"2023-03-14T17:34:46","slug":"a-virer-concert-ephad","status":"publish","type":"page","link":"https:\/\/festicimes.fr\/index.php\/a-virer-concert-ephad\/","title":{"rendered":"Marie DEWAS SEVAGEN"},"content":{"rendered":"<style>\/*! elementor - v3.11.2 - 22-02-2023 *\/\n.elementor-widget-image{text-align:center}.elementor-widget-image a{display:inline-block}.elementor-widget-image a img[src$=\".svg\"]{width:48px}.elementor-widget-image img{vertical-align:middle;display:inline-block}<\/style>\n<p>\t\t\t\t\t\t\t\t\t\t\t\t<img decoding=\"async\" width=\"641\" height=\"864\" src=\"http:\/\/festicimes.fr\/wp-content\/uploads\/2024\/05\/Marie_Dewas_Sewagen.png\" alt=\"\" loading=\"lazy\" srcset=\"http:\/\/festicimes.fr\/wp-content\/uploads\/2024\/05\/Marie_Dewas_Sewagen.png 641w, http:\/\/festicimes.fr\/wp-content\/uploads\/2024\/05\/Marie_Dewas_Sewagen-223x300.png 223w\" sizes=\"auto, (max-width: 641px) 100vw, 641px\" \/>\t\t\t\t\t\t\t\t\t\t\t\t\t\t\t<\/p>\n<p>El\u00e8ve de Brigitte Engerer et de Claire D\u00e9sert, Marie Dewas obtient son prix de piano au CNSMDP en 2016.\u00a0<\/p>\n<p>Son parcours l&rsquo;am\u00e8ne \u00e0 suivre les conseils de pianistes tels que Paul Badura Skoda, Anne Qu\u00e9ffelec ou encore Jean Claude Pennetier, ainsi qu&rsquo;en musique de chambre Marc Coppey, Jean-Marc\u00a0Phillips Varjab\u00e9djan, Hortense Cartier Bresson.<\/p>\n<p>Elle re\u00e7oit plusieurs r\u00e9compenses et prix en tant qu&rsquo;interpr\u00e8te soliste (finaliste du concours des virtuoses du coeur en 2016, 1er prix du concours international de Lagny sur Marne). Elle se produit en soliste ou en musique de chambre dans des lieux comme le Grand Palais \u00e0 Paris, le festival international de Saint Agr\u00e8ve, festival de Couvet en Suisse, festival d\u2019Hardelot, festival de G\u00e9rardmer, mus\u00e9e Bourdelle, mus\u00e9e Rodin&#8230;<\/p>\n<p>En musicienne curieuse, elle aime explorer diff\u00e9rents univers musicaux : on a pu l&rsquo;entendre dans Linea de Berio pour deux pianos et deux percussions, dans le concerto pour piano de Lutoslawski, en 2017 elle accompagne les Tr\u00e9teaux Lyriques dans Le Voyage dans Lune d&rsquo;Offenbach.\u00a0<\/p>\n<p>Elle est\u00a0\u00e9galement co-fondatrice du projet du Piano Trotteur aux c\u00f4t\u00e9s de Jean-Philippe Fonsalas et Pierre\u00a0Tassel qui vise \u00e0 faire vivre et aimer la musique dans le cadre de concerts itin\u00e9rants et forme depuis\u00a02014 le Duo Patchinko avec le pianiste Jean Philippe Fonsalas.<\/p>\n<p>Elle est dipl\u00f4m\u00e9e du certificat d\u2019aptitude \u00e0 l\u2019enseignement du piano de la formation p\u00e9dagogique du CNSMDP en juin 2019.<\/p>\n","protected":false},"excerpt":{"rendered":"<p>El\u00e8ve de Brigitte Engerer et de Claire D\u00e9sert, Marie Dewas obtient son prix de piano au CNSMDP en 2016.\u00a0 Son parcours l&rsquo;am\u00e8ne \u00e0 suivre les conseils de pianistes tels que Paul Badura Skoda, Anne Qu\u00e9ffelec ou encore Jean Claude Pennetier, ainsi qu&rsquo;en musique de chambre Marc Coppey, Jean-Marc\u00a0Phillips Varjab\u00e9djan, Hortense Cartier Bresson. Elle re\u00e7oit plusieurs [&hellip;]<\/p>\n","protected":false},"author":1,"featured_media":0,"parent":0,"menu_order":0,"comment_status":"closed","ping_status":"closed","template":"","meta":{"footnotes":""},"class_list":["post-442","page","type-page","status-publish","hentry"],"_links":{"self":[{"href":"https:\/\/festicimes.fr\/index.php\/wp-json\/wp\/v2\/pages\/442","targetHints":{"allow":["GET"]}}],"collection":[{"href":"https:\/\/festicimes.fr\/index.php\/wp-json\/wp\/v2\/pages"}],"about":[{"href":"https:\/\/festicimes.fr\/index.php\/wp-json\/wp\/v2\/types\/page"}],"author":[{"embeddable":true,"href":"https:\/\/festicimes.fr\/index.php\/wp-json\/wp\/v2\/users\/1"}],"replies":[{"embeddable":true,"href":"https:\/\/festicimes.fr\/index.php\/wp-json\/wp\/v2\/comments?post=442"}],"version-history":[{"count":0,"href":"https:\/\/festicimes.fr\/index.php\/wp-json\/wp\/v2\/pages\/442\/revisions"}],"wp:attachment":[{"href":"https:\/\/festicimes.fr\/index.php\/wp-json\/wp\/v2\/media?parent=442"}],"curies":[{"name":"wp","href":"https:\/\/api.w.org\/{rel}","templated":true}]}}