{"id":56,"date":"2023-03-02T19:34:01","date_gmt":"2023-03-02T18:34:01","guid":{"rendered":"http:\/\/festicimes.fr\/?page_id=56"},"modified":"2023-03-02T19:34:01","modified_gmt":"2023-03-02T18:34:01","slug":"demander-le-programme","status":"publish","type":"page","link":"https:\/\/festicimes.fr\/index.php\/demander-le-programme\/","title":{"rendered":"Programme"},"content":{"rendered":"<style>\/*! elementor - v3.11.2 - 22-02-2023 *\/\n.elementor-widget-image{text-align:center}.elementor-widget-image a{display:inline-block}.elementor-widget-image a img[src$=\".svg\"]{width:48px}.elementor-widget-image img{vertical-align:middle;display:inline-block}<\/style>\n<p>\t\t\t\t\t\t\t\t\t\t\t\t\t<a href=\"http:\/\/festicimes.fr\/?page_id=270\"><br \/>\n\t\t\t\t\t\t\t<img decoding=\"async\" width=\"800\" height=\"600\" src=\"http:\/\/festicimes.fr\/wp-content\/uploads\/2024\/04\/nuit_etoile_800x600-3.png\" alt=\"\" loading=\"lazy\" srcset=\"http:\/\/festicimes.fr\/wp-content\/uploads\/2024\/04\/nuit_etoile_800x600-3.png 800w, http:\/\/festicimes.fr\/wp-content\/uploads\/2024\/04\/nuit_etoile_800x600-3-300x225.png 300w, http:\/\/festicimes.fr\/wp-content\/uploads\/2024\/04\/nuit_etoile_800x600-3-768x576.png 768w\" sizes=\"auto, (max-width: 800px) 100vw, 800px\" \/>\t\t\t\t\t\t\t\t<\/a><\/p>\n<h5>Concert d&rsquo;ouverture<br \/>\u00ab Comme tu me plairais, \u00d4 nuit \u00bb<\/h5>\n<p><strong>Dimanche 4 ao\u00fbt 2024 \u00e0 20h30<\/strong><\/p>\n<p>Violoncelle et Piano &amp; Observations c\u00e9lestes en partenariat avec l&rsquo;association Supernov\u00e6<\/p>\n<p>\t\t\t<a href=\"http:\/\/festicimes.fr\/?page_id=270\" role=\"button\"><br \/>\n\t\t\t\t\t\tD\u00e9tails<br \/>\n\t\t\t\t\t<\/a><br \/>\n\t\t\t\t\t\t\t\t\t\t\t\t\t\t\t\t<a href=\"http:\/\/festicimes.fr\/?page_id=1010\"><br \/>\n\t\t\t\t\t\t\t<img decoding=\"async\" width=\"800\" height=\"600\" src=\"http:\/\/festicimes.fr\/wp-content\/uploads\/2024\/04\/myrtille_800x600.png\" alt=\"\" loading=\"lazy\" srcset=\"http:\/\/festicimes.fr\/wp-content\/uploads\/2024\/04\/myrtille_800x600.png 800w, http:\/\/festicimes.fr\/wp-content\/uploads\/2024\/04\/myrtille_800x600-300x225.png 300w, http:\/\/festicimes.fr\/wp-content\/uploads\/2024\/04\/myrtille_800x600-768x576.png 768w\" sizes=\"auto, (max-width: 800px) 100vw, 800px\" \/>\t\t\t\t\t\t\t\t<\/a><\/p>\n<h5>\u00ab Myrtille la marmotte et le retour des abeilles \u00bb<\/h5>\n<p><strong>Mercredi 7 ao\u00fbt 2024 \u00e0 16h<\/strong><\/p>\n<p>Spectacle avec mise en sc\u00e8ne et go\u00fbter pens\u00e9 pour les enfants avec chant et piano devant le petit lac d&rsquo;Arreau<\/p>\n<p>\t\t\t<a href=\"http:\/\/festicimes.fr\/?page_id=1010\" role=\"button\"><br \/>\n\t\t\t\t\t\tD\u00e9tails<br \/>\n\t\t\t\t\t<\/a><br \/>\n\t\t\t\t\t\t\t\t\t\t\t\t\t\t\t<img decoding=\"async\" width=\"800\" height=\"600\" src=\"http:\/\/festicimes.fr\/wp-content\/uploads\/2024\/04\/EPHAD_800x600-1.png\" alt=\"\" loading=\"lazy\" srcset=\"http:\/\/festicimes.fr\/wp-content\/uploads\/2024\/04\/EPHAD_800x600-1.png 800w, http:\/\/festicimes.fr\/wp-content\/uploads\/2024\/04\/EPHAD_800x600-1-300x225.png 300w, http:\/\/festicimes.fr\/wp-content\/uploads\/2024\/04\/EPHAD_800x600-1-768x576.png 768w\" sizes=\"auto, (max-width: 800px) 100vw, 800px\" \/>\t\t\t\t\t\t\t\t\t\t\t\t\t\t\t<\/p>\n<h5>M\u00e9diation culturelle<\/p>\n<\/h5>\n<p><strong>date \u00e0 confirmer<\/strong><\/p>\n<p>Piano solo<\/p>\n<p>\t\t\t<a href=\"#\" role=\"button\"><br \/>\n\t\t\t\t\t\tD\u00e9tails<br \/>\n\t\t\t\t\t<\/a><br \/>\n\t\t\t\t\t\t\t\t\t\t\t\t\t\t\t<img decoding=\"async\" width=\"800\" height=\"600\" src=\"http:\/\/festicimes.fr\/wp-content\/uploads\/2024\/04\/4_mains_800x600.png\" alt=\"\" loading=\"lazy\" srcset=\"http:\/\/festicimes.fr\/wp-content\/uploads\/2024\/04\/4_mains_800x600.png 800w, http:\/\/festicimes.fr\/wp-content\/uploads\/2024\/04\/4_mains_800x600-300x225.png 300w, http:\/\/festicimes.fr\/wp-content\/uploads\/2024\/04\/4_mains_800x600-768x576.png 768w\" sizes=\"auto, (max-width: 800px) 100vw, 800px\" \/>\t\t\t\t\t\t\t\t\t\t\t\t\t\t\t<\/p>\n<h5>Concert <br \/>\u00ab Quatre mains \u00e0 l\u2019unisson \u00bb<\/h5>\n<p><strong>Mardi 13 ao\u00fbt 2024 \u00e0 20h30<\/strong><\/p>\n<p>Piano \u00e0 quatre main<\/p>\n<p>\t\t\t<a href=\"http:\/\/festicimes.fr\/?page_id=1057\" role=\"button\"><br \/>\n\t\t\t\t\t\tD\u00e9tails<br \/>\n\t\t\t\t\t<\/a><br \/>\n\t\t\t\t\t\t\t\t\t\t\t\t\t\t\t<img decoding=\"async\" width=\"800\" height=\"600\" src=\"http:\/\/festicimes.fr\/wp-content\/uploads\/2024\/04\/carnaval_des_animaux_800x600-1.png\" alt=\"\" loading=\"lazy\" srcset=\"http:\/\/festicimes.fr\/wp-content\/uploads\/2024\/04\/carnaval_des_animaux_800x600-1.png 800w, http:\/\/festicimes.fr\/wp-content\/uploads\/2024\/04\/carnaval_des_animaux_800x600-1-300x225.png 300w, http:\/\/festicimes.fr\/wp-content\/uploads\/2024\/04\/carnaval_des_animaux_800x600-1-768x576.png 768w\" sizes=\"auto, (max-width: 800px) 100vw, 800px\" \/>\t\t\t\t\t\t\t\t\t\t\t\t\t\t\t<\/p>\n<h5>Concert <br \/>\u00ab Le Carnaval des animaux \u00bb<\/h5>\n<p><strong>Vendredi 17 ao\u00fbt 2024 \u00e0 20h30<\/strong><\/p>\n<p>Com\u00e9diens et duo de pianistes sous les halles de la mairie d&rsquo;Arreau<\/p>\n<p>\t\t\t<a href=\"http:\/\/festicimes.fr\/?page_id=1082\" role=\"button\"><br \/>\n\t\t\t\t\t\tD\u00e9tails<br \/>\n\t\t\t\t\t<\/a><br \/>\n\t\t\t\t\t\t\t\t\t\t\t\t\t\t\t<img decoding=\"async\" width=\"800\" height=\"600\" src=\"http:\/\/festicimes.fr\/wp-content\/uploads\/2024\/04\/artisanat_800x600.png\" alt=\"\" loading=\"lazy\" srcset=\"http:\/\/festicimes.fr\/wp-content\/uploads\/2024\/04\/artisanat_800x600.png 800w, http:\/\/festicimes.fr\/wp-content\/uploads\/2024\/04\/artisanat_800x600-300x225.png 300w, http:\/\/festicimes.fr\/wp-content\/uploads\/2024\/04\/artisanat_800x600-768x576.png 768w\" sizes=\"auto, (max-width: 800px) 100vw, 800px\" \/>\t\t\t\t\t\t\t\t\t\t\t\t\t\t\t<\/p>\n<h5>Concert <br \/>\u00ab Sculpteurs de sons : Bois et Harmonie instrumentale \u00bb<\/h5>\n<p><strong>Dimanche 18 ao\u00fbt 2024 \u00e0 17h<\/strong><\/p>\n<p>Piano solo et pr\u00e9sentation d&rsquo;un m\u00e9tier de la vall\u00e9e<\/p>\n<p>\t\t\t<a href=\"http:\/\/festicimes.fr\/?page_id=1527\" role=\"button\"><br \/>\n\t\t\t\t\t\tD\u00e9tails<br \/>\n\t\t\t\t\t<\/a><br \/>\n\t\t\t<a href=\"http:\/\/festicimes.fr\/wp-content\/uploads\/2023\/07\/Depliant-FestiCimes-2.pdf\" role=\"button\"><br \/>\n\t\t\t\t\t\tT\u00e9l\u00e9chargez le programme<br \/>\n\t\t\t\t\t<\/a><\/p>\n","protected":false},"excerpt":{"rendered":"<p>Concert d&rsquo;ouverture\u00ab Comme tu me plairais, \u00d4 nuit \u00bb Dimanche 4 ao\u00fbt 2024 \u00e0 20h30 Violoncelle et Piano &amp; Observations c\u00e9lestes en partenariat avec l&rsquo;association Supernov\u00e6 D\u00e9tails \u00ab Myrtille la marmotte et le retour des abeilles \u00bb Mercredi 7 ao\u00fbt 2024 \u00e0 16h Spectacle avec mise en sc\u00e8ne et go\u00fbter pens\u00e9 pour les enfants avec [&hellip;]<\/p>\n","protected":false},"author":1,"featured_media":0,"parent":0,"menu_order":0,"comment_status":"closed","ping_status":"closed","template":"","meta":{"footnotes":""},"class_list":["post-56","page","type-page","status-publish","hentry"],"_links":{"self":[{"href":"https:\/\/festicimes.fr\/index.php\/wp-json\/wp\/v2\/pages\/56","targetHints":{"allow":["GET"]}}],"collection":[{"href":"https:\/\/festicimes.fr\/index.php\/wp-json\/wp\/v2\/pages"}],"about":[{"href":"https:\/\/festicimes.fr\/index.php\/wp-json\/wp\/v2\/types\/page"}],"author":[{"embeddable":true,"href":"https:\/\/festicimes.fr\/index.php\/wp-json\/wp\/v2\/users\/1"}],"replies":[{"embeddable":true,"href":"https:\/\/festicimes.fr\/index.php\/wp-json\/wp\/v2\/comments?post=56"}],"version-history":[{"count":1,"href":"https:\/\/festicimes.fr\/index.php\/wp-json\/wp\/v2\/pages\/56\/revisions"}],"predecessor-version":[{"id":1537,"href":"https:\/\/festicimes.fr\/index.php\/wp-json\/wp\/v2\/pages\/56\/revisions\/1537"}],"wp:attachment":[{"href":"https:\/\/festicimes.fr\/index.php\/wp-json\/wp\/v2\/media?parent=56"}],"curies":[{"name":"wp","href":"https:\/\/api.w.org\/{rel}","templated":true}]}}