{"id":667,"date":"2023-06-24T15:06:49","date_gmt":"2023-06-24T13:06:49","guid":{"rendered":"http:\/\/festicimes.fr\/?page_id=667"},"modified":"2023-06-24T15:06:49","modified_gmt":"2023-06-24T13:06:49","slug":"sarah-david","status":"publish","type":"page","link":"https:\/\/festicimes.fr\/index.php\/sarah-david\/","title":{"rendered":"Sarah DAVID"},"content":{"rendered":"<style>\/*! elementor - v3.11.2 - 22-02-2023 *\/\n.elementor-widget-image{text-align:center}.elementor-widget-image a{display:inline-block}.elementor-widget-image a img[src$=\".svg\"]{width:48px}.elementor-widget-image img{vertical-align:middle;display:inline-block}<\/style>\n<p>\t\t\t\t\t\t\t\t\t\t\t\t<img decoding=\"async\" width=\"531\" height=\"383\" src=\"http:\/\/festicimes.fr\/wp-content\/uploads\/2023\/06\/Sarah-DAVID.png\" alt=\"\" loading=\"lazy\" srcset=\"http:\/\/festicimes.fr\/wp-content\/uploads\/2023\/06\/Sarah-DAVID.png 531w, http:\/\/festicimes.fr\/wp-content\/uploads\/2023\/06\/Sarah-DAVID-300x216.png 300w\" sizes=\"auto, (max-width: 531px) 100vw, 531px\" \/>\t\t\t\t\t\t\t\t\t\t\t\t\t\t\t<\/p>\n<p>Sarah David a commenc\u00e9 l&rsquo;art lyrique d\u00e8s l&rsquo;\u00e2ge de 12 ans sous le contr\u00f4le de Josette Menant, dans le cadre des ateliers de technique vocale organis\u00e9s par \u00ab\u00a0Musique et danses en Poitou-Charentes\u00a0\u00bb. A 18 ans, elle entreprend des cours particuliers aupr\u00e8s de Karen Broughton, soliste form\u00e9e \u00e0 la Julliard School, puis aupr\u00e8s de Nicole Boucher, soliste de l&rsquo;Op\u00e9ra de Tours.<\/p>\n<p>Elle int\u00e8gre finalement le CRD d&rsquo;Angoul\u00eame en 2013 aupr\u00e8s de Roxanne Comiotto, diplom\u00e9e du CNSM de Lyon o\u00f9 elle obtient son DNOP. Elle rejoint, en parall\u00e8le, l&rsquo;ensemble vocal de L&rsquo;Abbaye aux Dames de Saintes, dirig\u00e9 par Manuel Simonnet jusqu\u2019en 2018.<br \/>Toujours en recherche de perfectionnement, elle participe \u00e0 plusieurs formations dont l&rsquo;Op\u00e9ra Studio des Ma\u00eetres Sonneurs \u00e0 Toulouse en 2016, l\u2019Acad\u00e9mie internationale de m\u00e9lodie fran\u00e7aise de Fran\u00e7ois Le Roux en 2018, ou encore l\u2019Acad\u00e9mie du Grand Paris en 2020 aupr\u00e8s de Sophie Herv\u00e9.<br \/>Soprano soliste depuis 2013, elle compte \u00e0 son r\u00e9pertoire une dizaine d\u2019oratorio (Nelson Mess de J. Haydn, Oratorio de No\u00ebl de C.St Sa\u00ebns, Messe en fa de F. Schubert, Requiem de A. Salieri&#8230;), une vingtaine de r\u00e9citals autour de l\u2019op\u00e9ra, de la m\u00e9lodie fran\u00e7aise et de la musique sacr\u00e9e, ainsi que des cr\u00e9ations lyriques \u00e0 destination p\u00e9dagogique.<\/p>\n<p>Elle a \u00e9galement enseign\u00e9 la musique en tant que professeur de formation musicale \u00e0 l&rsquo;EDM en 2017-2018, au conservatoire de Cognac de 2019 \u00e0 2021, ainsi qu\u2019au sein de la chorale Amadevs d\u2019Angoul\u00eame en tant que r\u00e9p\u00e9titrice et professeur de chant.<\/p>\n","protected":false},"excerpt":{"rendered":"<p>Sarah David a commenc\u00e9 l&rsquo;art lyrique d\u00e8s l&rsquo;\u00e2ge de 12 ans sous le contr\u00f4le de Josette Menant, dans le cadre des ateliers de technique vocale organis\u00e9s par \u00ab\u00a0Musique et danses en Poitou-Charentes\u00a0\u00bb. A 18 ans, elle entreprend des cours particuliers aupr\u00e8s de Karen Broughton, soliste form\u00e9e \u00e0 la Julliard School, puis aupr\u00e8s de Nicole Boucher, [&hellip;]<\/p>\n","protected":false},"author":1,"featured_media":0,"parent":0,"menu_order":0,"comment_status":"closed","ping_status":"closed","template":"","meta":{"footnotes":""},"class_list":["post-667","page","type-page","status-publish","hentry"],"_links":{"self":[{"href":"https:\/\/festicimes.fr\/index.php\/wp-json\/wp\/v2\/pages\/667","targetHints":{"allow":["GET"]}}],"collection":[{"href":"https:\/\/festicimes.fr\/index.php\/wp-json\/wp\/v2\/pages"}],"about":[{"href":"https:\/\/festicimes.fr\/index.php\/wp-json\/wp\/v2\/types\/page"}],"author":[{"embeddable":true,"href":"https:\/\/festicimes.fr\/index.php\/wp-json\/wp\/v2\/users\/1"}],"replies":[{"embeddable":true,"href":"https:\/\/festicimes.fr\/index.php\/wp-json\/wp\/v2\/comments?post=667"}],"version-history":[{"count":0,"href":"https:\/\/festicimes.fr\/index.php\/wp-json\/wp\/v2\/pages\/667\/revisions"}],"wp:attachment":[{"href":"https:\/\/festicimes.fr\/index.php\/wp-json\/wp\/v2\/media?parent=667"}],"curies":[{"name":"wp","href":"https:\/\/api.w.org\/{rel}","templated":true}]}}