{"id":705,"date":"2023-06-24T15:21:43","date_gmt":"2023-06-24T13:21:43","guid":{"rendered":"http:\/\/festicimes.fr\/?page_id=705"},"modified":"2023-06-24T15:21:43","modified_gmt":"2023-06-24T13:21:43","slug":"clementine-bousquet","status":"publish","type":"page","link":"https:\/\/festicimes.fr\/index.php\/clementine-bousquet\/","title":{"rendered":"Jean Philippe FONSALAS"},"content":{"rendered":"<style>\/*! elementor - v3.11.2 - 22-02-2023 *\/\n.elementor-widget-image{text-align:center}.elementor-widget-image a{display:inline-block}.elementor-widget-image a img[src$=\".svg\"]{width:48px}.elementor-widget-image img{vertical-align:middle;display:inline-block}<\/style>\n<p>\t\t\t\t\t\t\t\t\t\t\t\t<img decoding=\"async\" width=\"800\" height=\"623\" src=\"http:\/\/festicimes.fr\/wp-content\/uploads\/2024\/03\/JP-FONSALAS-1024x798.png\" alt=\"\" loading=\"lazy\" srcset=\"http:\/\/festicimes.fr\/wp-content\/uploads\/2024\/03\/JP-FONSALAS-1024x798.png 1024w, http:\/\/festicimes.fr\/wp-content\/uploads\/2024\/03\/JP-FONSALAS-300x234.png 300w, http:\/\/festicimes.fr\/wp-content\/uploads\/2024\/03\/JP-FONSALAS-768x599.png 768w, http:\/\/festicimes.fr\/wp-content\/uploads\/2024\/03\/JP-FONSALAS.png 1044w\" sizes=\"auto, (max-width: 800px) 100vw, 800px\" \/>\t\t\t\t\t\t\t\t\t\t\t\t\t\t\t<\/p>\n<p>Pianiste soliste et chambriste, Jean-Philippe Fonsalas est invit\u00e9 depuis une quinzaine d\u2019ann\u00e9es \u00e0 se produire \u00e0 l\u2019occasion de concerts, festivals, vernissages et soir\u00e9es priv\u00e9es.<\/p>\n<p>Form\u00e9 notamment par Fran\u00e7oise Parrot-Hanlet et David Saudubray, il int\u00e8gre en 2010 le Conservatoire de Paris dans les classes d\u2019Emmanuel Strosser et d\u2019Alain Plan\u00e8s. Durant sa formation, il b\u00e9n\u00e9ficie par ailleurs des conseils de Paul Badura-Skoda, Jean-Claude Pennetier, Abdel-Rahman El-Bacha et Nelson Freire.<\/p>\n<p>Jean-Philippe est directeur artistique des Concerts de la Grange Colombe \u00e0 Rambouillet et des Concerts d\u2019Argy. Il est membre fondateur du projet de restauration et de concerts sur pianos anciens \u00abLe Piano Trotteur\u00bb, et de l\u2019entreprise de pi\u00e8ces d\u00e9tach\u00e9es pour pianos anciens \u00abIgnace &amp; S\u00e9bastien\u00bb avec C\u00e9cile L\u00ea.<\/p>\n<p>Il est titulaire du Master de piano du Conservatoire de Paris, et de plusieurs dipl\u00f4mes de p\u00e9dagogie: Dipl\u00f4me d\u2019\u00c9tat et Certificat d\u2019Aptitude. Il est professeur de piano au Conservatoire de Musique de Gen\u00e8ve depuis 2020 et anime r\u00e9guli\u00e8rement des ateliers autour de la facture du piano et de son histoire (Classes de p\u00e9dagogie du Conservatoire de Paris et de la Haute Ecole de Musique de Gen\u00e8ve, conservatoires en France et en Suisse, \u00e9coles, festivals&#8230;)<\/p>\n","protected":false},"excerpt":{"rendered":"<p>Pianiste soliste et chambriste, Jean-Philippe Fonsalas est invit\u00e9 depuis une quinzaine d\u2019ann\u00e9es \u00e0 se produire \u00e0 l\u2019occasion de concerts, festivals, vernissages et soir\u00e9es priv\u00e9es. Form\u00e9 notamment par Fran\u00e7oise Parrot-Hanlet et David Saudubray, il int\u00e8gre en 2010 le Conservatoire de Paris dans les classes d\u2019Emmanuel Strosser et d\u2019Alain Plan\u00e8s. Durant sa formation, il b\u00e9n\u00e9ficie par ailleurs [&hellip;]<\/p>\n","protected":false},"author":1,"featured_media":0,"parent":0,"menu_order":0,"comment_status":"closed","ping_status":"closed","template":"","meta":{"footnotes":""},"class_list":["post-705","page","type-page","status-publish","hentry"],"_links":{"self":[{"href":"https:\/\/festicimes.fr\/index.php\/wp-json\/wp\/v2\/pages\/705","targetHints":{"allow":["GET"]}}],"collection":[{"href":"https:\/\/festicimes.fr\/index.php\/wp-json\/wp\/v2\/pages"}],"about":[{"href":"https:\/\/festicimes.fr\/index.php\/wp-json\/wp\/v2\/types\/page"}],"author":[{"embeddable":true,"href":"https:\/\/festicimes.fr\/index.php\/wp-json\/wp\/v2\/users\/1"}],"replies":[{"embeddable":true,"href":"https:\/\/festicimes.fr\/index.php\/wp-json\/wp\/v2\/comments?post=705"}],"version-history":[{"count":0,"href":"https:\/\/festicimes.fr\/index.php\/wp-json\/wp\/v2\/pages\/705\/revisions"}],"wp:attachment":[{"href":"https:\/\/festicimes.fr\/index.php\/wp-json\/wp\/v2\/media?parent=705"}],"curies":[{"name":"wp","href":"https:\/\/api.w.org\/{rel}","templated":true}]}}