{"id":991,"date":"2024-03-19T18:13:31","date_gmt":"2024-03-19T17:13:31","guid":{"rendered":"http:\/\/festicimes.fr\/?page_id=991"},"modified":"2024-03-19T18:13:31","modified_gmt":"2024-03-19T17:13:31","slug":"cecile-le","status":"publish","type":"page","link":"https:\/\/festicimes.fr\/index.php\/cecile-le\/","title":{"rendered":"C\u00e9cile L\u00ea"},"content":{"rendered":"<style>\/*! elementor - v3.11.2 - 22-02-2023 *\/\n.elementor-widget-image{text-align:center}.elementor-widget-image a{display:inline-block}.elementor-widget-image a img[src$=\".svg\"]{width:48px}.elementor-widget-image img{vertical-align:middle;display:inline-block}<\/style>\n<p>\t\t\t\t\t\t\t\t\t\t\t\t<img decoding=\"async\" width=\"254\" height=\"300\" src=\"http:\/\/festicimes.fr\/wp-content\/uploads\/2024\/03\/Cecole-Le-254x300.png\" alt=\"\" loading=\"lazy\" srcset=\"http:\/\/festicimes.fr\/wp-content\/uploads\/2024\/03\/Cecole-Le-254x300.png 254w, http:\/\/festicimes.fr\/wp-content\/uploads\/2024\/03\/Cecole-Le-867x1024.png 867w, http:\/\/festicimes.fr\/wp-content\/uploads\/2024\/03\/Cecole-Le-768x907.png 768w, http:\/\/festicimes.fr\/wp-content\/uploads\/2024\/03\/Cecole-Le.png 884w\" sizes=\"auto, (max-width: 254px) 100vw, 254px\" \/>\t\t\t\t\t\t\t\t\t\t\t\t\t\t\t<\/p>\n<style>\/*! elementor - v3.11.2 - 22-02-2023 *\/\n.elementor-heading-title{padding:0;margin:0;line-height:1}.elementor-widget-heading .elementor-heading-title[class*=elementor-size-]>a{color:inherit;font-size:inherit;line-height:inherit}.elementor-widget-heading .elementor-heading-title.elementor-size-small{font-size:15px}.elementor-widget-heading .elementor-heading-title.elementor-size-medium{font-size:19px}.elementor-widget-heading .elementor-heading-title.elementor-size-large{font-size:29px}.elementor-widget-heading .elementor-heading-title.elementor-size-xl{font-size:39px}.elementor-widget-heading .elementor-heading-title.elementor-size-xxl{font-size:59px}<\/style>\n<h4>\n<p>C\u00e9cile L\u00ca<\/h4>\n<p>Apr\u00e8s avoir d\u00e9but\u00e9 sa formation musicale au Vietnam, C\u00e9cile L\u00ea int\u00e8gre le Conservatoire R\u00e9gional de Paris et y \u00e9tudie le piano avec Carine Zarifian. En parall\u00e8le, elle enrichit son apprentissage \u00e0 la Sorbonne o\u00f9 elle obtient une licence de Musique et Musicologie.<\/p>\n<p>Elle int\u00e8gre la Haute Ecole de Musique de Gen\u00e8ve dans laquelle elle obtient un Bachelor et un Master de p\u00e9dagogie dans les classes de Fabrizio Chiovetta et Marc Pantillon. Elle poursuit aujourd\u2019hui ses \u00e9tudes d\u2019interpr\u00e9tation dans la classe de C\u00e9dric Pescia.<\/p>\n<p>Passionn\u00e9e par la p\u00e9dagogie autant que par l\u2019interpr\u00e9tation, elle enseigne et se produit r\u00e9guli\u00e8rement en Suisse Romande, en soliste comme en musique de chambre.<\/p>\n<p>Elle est \u00e9galement co-fondatrice d\u2019 \u00ab\u00a0Ignace &amp; S\u00e9bastien<em>, la recherche du son perdu<\/em>\u00a0\u00bb avec Jean-Philippe Fonsalas, \u00a0projet qui vise \u00e0 revaloriser le patrimoine des pianos anciens, \u00e0 travers la restauration et la production de concerts sur instruments d\u2019\u00e9poque.<\/p>\n","protected":false},"excerpt":{"rendered":"<p>C\u00e9cile L\u00ca Apr\u00e8s avoir d\u00e9but\u00e9 sa formation musicale au Vietnam, C\u00e9cile L\u00ea int\u00e8gre le Conservatoire R\u00e9gional de Paris et y \u00e9tudie le piano avec Carine Zarifian. En parall\u00e8le, elle enrichit son apprentissage \u00e0 la Sorbonne o\u00f9 elle obtient une licence de Musique et Musicologie. Elle int\u00e8gre la Haute Ecole de Musique de Gen\u00e8ve dans laquelle [&hellip;]<\/p>\n","protected":false},"author":1,"featured_media":0,"parent":0,"menu_order":0,"comment_status":"closed","ping_status":"closed","template":"","meta":{"footnotes":""},"class_list":["post-991","page","type-page","status-publish","hentry"],"_links":{"self":[{"href":"https:\/\/festicimes.fr\/index.php\/wp-json\/wp\/v2\/pages\/991","targetHints":{"allow":["GET"]}}],"collection":[{"href":"https:\/\/festicimes.fr\/index.php\/wp-json\/wp\/v2\/pages"}],"about":[{"href":"https:\/\/festicimes.fr\/index.php\/wp-json\/wp\/v2\/types\/page"}],"author":[{"embeddable":true,"href":"https:\/\/festicimes.fr\/index.php\/wp-json\/wp\/v2\/users\/1"}],"replies":[{"embeddable":true,"href":"https:\/\/festicimes.fr\/index.php\/wp-json\/wp\/v2\/comments?post=991"}],"version-history":[{"count":0,"href":"https:\/\/festicimes.fr\/index.php\/wp-json\/wp\/v2\/pages\/991\/revisions"}],"wp:attachment":[{"href":"https:\/\/festicimes.fr\/index.php\/wp-json\/wp\/v2\/media?parent=991"}],"curies":[{"name":"wp","href":"https:\/\/api.w.org\/{rel}","templated":true}]}}